{"id":1615,"date":"2021-01-31T10:02:15","date_gmt":"2021-01-31T10:02:15","guid":{"rendered":"https:\/\/coiffurekatrin.ch\/ck\/?page_id=1615"},"modified":"2025-07-07T16:20:11","modified_gmt":"2025-07-07T16:20:11","slug":"preisliste-kosmetik","status":"publish","type":"page","link":"https:\/\/coiffurekatrin.ch\/ck\/preisliste-kosmetik\/","title":{"rendered":"Preisliste Kosmetik"},"content":{"rendered":"<div class=\"wpb-content-wrapper\"><p>[vc_row][vc_column][vc_column_text]<\/p>\n<p>[\/vc_column_text][\/vc_column][\/vc_row][vc_row][vc_column width=&#187;1\/2&#8243;]<div class=\"ozy-price-list ozy-border-color\"><h3>Kryolipolyse<\/h3><table><tr><th>&nbsp;<\/th><th><\/th><\/tr><tr class=\"featured\"><td class=\"label\">1 Zone \u00e0 60 Minuten (1 K\u00f6rperzone wird 1 mal Behandelt)<\/td><td class=\"v\">200.- statt 300.-<\/td><\/tr><tr class=\"featured\"><td class=\"label\">2 Zonen \u00e0 60 Minuten (2 K\u00f6rperzonen werden 1 mal gleichzeitig Behandelt)<\/td><td class=\"v\">350.- statt 500.-<\/td><\/tr><tr class=\"featured\"><td class=\"label\">3 Zonen \u00e0 60 Minuten (3 K\u00f6rperzonen werden 1 mal gleichzeitig Behandelt.)<\/td><td class=\"v\">450.- statt 600.-<\/td><\/tr><\/table><\/div>[\/vc_column][vc_column width=&#187;1\/2&#8243;]<div class=\"ozy-price-list ozy-border-color\"><h3>Kryolipolyse Abo<\/h3><table><tr><th>&nbsp;<\/th><th><\/th><\/tr><tr class=\"featured\"><td class=\"label\">1 Zoneabo \u00e0 60 Minuten (1 K\u00f6rperzone wird nach inviduellen Zeitabstand 3 mal Behandelt.)<\/td><td class=\"v\">550.- statt 800.-<\/td><\/tr><tr class=\"featured\"><td class=\"label\">2 Zoneabo \u00e0 60 Minuten (2 K\u00f6rperzonen werden nach individuellen Zeitabstand 3 mal Behandelt.)<\/td><td class=\"v\">950.- statt 1390.-<\/td><\/tr><tr class=\"featured\"><td class=\"label\">3 Zoneabo \u00e0 60 Minuten (3 K\u00f6rperzonen werden nach individuellen Zeitabstand 3 mal Behandelt.)<\/td><td class=\"v\">1200.- statt 1590.-<\/td><\/tr><\/table><\/div>[\/vc_column][\/vc_row][vc_row content_placement=&#187;middle&#187;][vc_column][vc_column_text css_animation=&#187;fadeInDown&#187;]<\/p>\n<h5><strong>**Es werden 4 bis 6 Behandlungen empfohlen**<\/strong><\/h5>\n<p><strong>Kryolipolyse mit Cryo Genius<\/strong><\/p>\n<p>Erleben Sie mit Cryo Genius die Zukunft der Kryolipolyse &#8211; f\u00fcr eine effektive, nicht- chirurgische Fettreduktion mit sichtbaren und langanhaltenden Ergebnissen.<\/p>\n<p>Durch gezielte K\u00e4lteeinwirkung werden Fettzellen gek\u00fchlt und auf nat\u00fcrliche Weise vom K\u00f6rper abgebaut, f\u00fcr eine konturierte Silhouette ohne chirurgischen Eingriff.<\/p>\n<ul>\n<li>Neueste K\u00e4lte-Technologie &#8211; von \u00c4rzten entwickelt<\/li>\n<li>Schnell und effektiv gegen Fett<\/li>\n<li>Ohne Risiko, Nebenwirkungen oder Skalpell<\/li>\n<li>F\u00fcr ein schlankes und straffes Lebensgef\u00fchl<\/li>\n<li>Kryolipolyse mit Infrarot zertr\u00fcmmert 20% mehr Fettzellen<\/li>\n<\/ul>\n<p>[\/vc_column_text]<div class=\"ozy-price-list ozy-border-color\"><h3>High Shap<\/h3><table><tr><th>&nbsp;<\/th><th><\/th><\/tr><tr class=\"featured\"><td class=\"label\">Behandlung<\/td><td class=\"v\">120.- statt 150.-<\/td><\/tr><tr class=\"featured\"><td class=\"label\">Packet 1 | 5 Behandlungen<\/td><td class=\"v\">490.- statt 750.-<\/td><\/tr><tr class=\"featured\"><td class=\"label\">Packet 2 | 10 Behandlungen<\/td><td class=\"v\">890.- statt 1500.-<\/td><\/tr><tr class=\"featured\"><td class=\"label\">Packet 3 | 15 Behandlungen<\/td><td class=\"v\">1390.- statt 1890.-<\/td><\/tr><\/table><\/div>[\/vc_column][\/vc_row][vc_row content_placement=&#187;middle&#187;][vc_column][vc_column_text css_animation=&#187;fadeInDown&#187;]<\/p>\n<ul>\n<li>Liegend Muskelaufbau und Fettreduzierung<\/li>\n<\/ul>\n<ul>\n<li dir=\"auto\">Power Workout von bis zu 20.000 Situps in 30 Minuten<\/li>\n<\/ul>\n<ul>\n<li dir=\"auto\">EMS High Shape\u00ae ist ein sensationell neu entwickeltes System um gleichzeitig Muskeln aus zu bauen und dabei Fett gezielt zu verbrennen.<\/li>\n<\/ul>\n<ul>\n<li dir=\"auto\">Einzigartige Behandlungsform, die bei nur 4 Behandlungen je 30 min bis zu 18 % Muskeln aufbaut und gleichzeitig 21 % Fett abbaut und das noch dazu gem\u00fctlich im LIEGEN.<\/li>\n<\/ul>\n<ul>\n<li dir=\"auto\">High Shape reduziert hartn\u00e4ckige Fettdepots an Bauch, Beine, Po, Oberarme, Oberschenkeln und wirkt gezielt straffend.<\/li>\n<\/ul>\n<ul>\n<li dir=\"auto\">Mit dem High Shape\u00ae Bodyformer System zu einem nach Ihrem Wunsch definierten geformten K\u00f6rper<\/li>\n<\/ul>\n<p>[\/vc_column_text][\/vc_column][\/vc_row][vc_row][vc_column width=&#187;1\/2&#8243;]<div class=\"ozy-price-list ozy-border-color\"><h3>Gesichtsbehandlungen<\/h3><table><tr><th>&nbsp;<\/th><th><\/th><\/tr><tr class=\"\"><td class=\"label\">Reviderm Beauty Break. F\u00fcr alle die nicht viel Zeit mitbringen. Die Kurzbehandlung f\u00fcr ein Neues erstrahlen der Haut.<\/td><td class=\"v\">ab 65.-<\/td><\/tr><tr class=\"\"><td class=\"label\">Klassische Gesichtspflege<\/td><td class=\"v\">135.-<\/td><\/tr><\/table><\/div>[\/vc_column][vc_column width=&#187;1\/2&#8243;]<div class=\"ozy-price-list ozy-border-color\"><h3>Mikrodermabrasion<\/h3><table><tr><th>&nbsp;<\/th><th><\/th><\/tr><tr class=\"\"><td class=\"label\">Intensives Schonendes Peeling zur Entfernung Verhornter Hautzellen. Die Haut kann wieder atmen und Wirkstoffe tiefer in der Haut aufgenommen werden. Die Haut wird reiner und glatter. Reinigung, Pre-Peel, Hautaktivierung, MDA, Serum, Maske, Abschlusspflege.<\/td><td class=\"v\">145.- \/ als Kur 10% Rabatt<\/td><\/tr><\/table><\/div><div class=\"ozy-price-list ozy-border-color\"><h3>Ultraschall Gesichtsbehandlung<\/h3><table><tr><th>&nbsp;<\/th><th><\/th><\/tr><tr class=\"\"><td class=\"label\">Durch die Anwendung von Schallwellen wird die Hautstruktur verbessert. Falten reduziert und Wirkstoffe in die Haut eingeschleust.Die Behandlung regt die Durchblutung an, aktiviert den Stoffwechsel, f\u00f6rdert die Zellerneuerung und die Produktion von Kollagen und Elastin, was zu strafferer und gesunderer Haut f\u00fchrt.<\/td><td class=\"v\">155.- \/ als Kur 10% Rabatt<\/td><\/tr><\/table><\/div>[\/vc_column][\/vc_row][vc_row][vc_column width=&#187;1\/2&#8243;]<div class=\"ozy-price-list ozy-border-color\"><h3>Jungbrunnen<\/h3><table><tr><th>&nbsp;<\/th><th><\/th><\/tr><tr class=\"\"><td class=\"label\">Die ideale Kombination von Mikrodermabrasion und Ultraschal f\u00fcr noch Intensiveres Straffen und Straheln der Haut.<\/td><td class=\"v\">205.- \/ als Kur 10% Rabatt<\/td><\/tr><\/table><\/div><div class=\"ozy-price-list ozy-border-color\"><h3>Microneedling<\/h3><table><tr><th>&nbsp;<\/th><th><\/th><\/tr><tr class=\"\"><td class=\"label\">Microneedling ist eine intensive Anti-Aging Behandlung . Effektive Stimulation der Kollagenproduktion : Kollagen sorgt f\u00fcr mehr Festikeit und Elastizit\u00e4t. Gl\u00e4ttet das Hautbild und mindert Falten. Verbesserung von Narben und Akne-Spuren und f\u00f6rdert die Heilung von Problemzonen. Aufhellung von Pigmentst\u00f6rungen: Ein gleichm\u00e4ssigerer Hautton wird erzielt.<\/td><td class=\"v\">220.- \/ als Kur 10% Rabatt<\/td><\/tr><\/table><\/div>[\/vc_column][\/vc_row][vc_row][vc_column width=&#187;1\/2&#8243;]<div class=\"ozy-price-list ozy-border-color\"><h3>Permanent Make-Up<\/h3><table><tr><th>&nbsp;<\/th><th><\/th><\/tr><tr class=\"\"><td class=\"label\">Brauen Erstbehandlung inkl. Nachstechen<\/td><td class=\"v\">ab 700.-<\/td><\/tr><tr class=\"\"><td class=\"label\">Auffrischen<\/td><td class=\"v\">ab 280.-<\/td><\/tr><tr class=\"\"><td class=\"label\">Lidstriche Erstbehandlung inkl. Nachstechen<\/td><td class=\"v\">ab 700.-<\/td><\/tr><tr class=\"\"><td class=\"label\">Auffrische<\/td><td class=\"v\">ab 280.-<\/td><\/tr><\/table><\/div>[\/vc_column][vc_column width=&#187;1\/2&#8243;]<div class=\"ozy-price-list ozy-border-color\"><h3>Nails<\/h3><table><tr><th>&nbsp;<\/th><th><\/th><\/tr><tr class=\"\"><td class=\"label\">Manicure<\/td><td class=\"v\">65.-<\/td><\/tr><tr class=\"\"><td class=\"label\">inkl. OPI Gel Color<\/td><td class=\"v\">85.-<\/td><\/tr><\/table><\/div>[\/vc_column][\/vc_row][vc_row][vc_column width=&#187;1\/2&#8243;]<div class=\"ozy-price-list ozy-border-color\"><h3>Haarentfernung mit Warmwachs<\/h3><table><tr><th>&nbsp;<\/th><th><\/th><\/tr><tr class=\"\"><td class=\"label\">Oberlippe<\/td><td class=\"v\">20.-<\/td><\/tr><tr class=\"\"><td class=\"label\">Gesicht<\/td><td class=\"v\">ab 35.-<\/td><\/tr><tr class=\"\"><td class=\"label\">Arme<\/td><td class=\"v\">50.-<\/td><\/tr><tr class=\"\"><td class=\"label\">Achseln<\/td><td class=\"v\">30.-<\/td><\/tr><tr class=\"\"><td class=\"label\">Unterschenkel<\/td><td class=\"v\">65.-<\/td><\/tr><tr class=\"\"><td class=\"label\">Ganze Beine<\/td><td class=\"v\">89.-<\/td><\/tr><tr class=\"\"><td class=\"label\">Bikini Lines<\/td><td class=\"v\">30.-<\/td><\/tr><tr class=\"\"><td class=\"label\">Brust und R\u00fccken<\/td><td class=\"v\">70.-<\/td><\/tr><\/table><\/div>[\/vc_column][vc_column width=&#187;1\/2&#8243;]<div class=\"ozy-price-list ozy-border-color\"><h3>Dauerhafte Haarentfernung mit Diodenlaser<\/h3><table><tr><th>&nbsp;<\/th><th><\/th><\/tr><tr class=\"\"><td class=\"label\">Ganze Beine<\/td><td class=\"v\">300.-<\/td><\/tr><tr class=\"\"><td class=\"label\">Oberschenkel<\/td><td class=\"v\">150.-<\/td><\/tr><tr class=\"\"><td class=\"label\">Unterschenkel<\/td><td class=\"v\">160.-<\/td><\/tr><tr class=\"\"><td class=\"label\">Oberlippe<\/td><td class=\"v\">50.-<\/td><\/tr><tr class=\"\"><td class=\"label\">Oberlippe &amp; Kinn<\/td><td class=\"v\">80.-<\/td><\/tr><tr class=\"\"><td class=\"label\">Gesicht<\/td><td class=\"v\">130.-<\/td><\/tr><tr class=\"\"><td class=\"label\">Achseln<\/td><td class=\"v\">80.-<\/td><\/tr><tr class=\"\"><td class=\"label\">Arme<\/td><td class=\"v\">140.-<\/td><\/tr><tr class=\"\"><td class=\"label\">Bikinizone<\/td><td class=\"v\">80.-<\/td><\/tr><tr class=\"\"><td class=\"label\">Brust + Bauch<\/td><td class=\"v\">250.-<\/td><\/tr><tr class=\"\"><td class=\"label\">R\u00fccken<\/td><td class=\"v\">210.-<\/td><\/tr><tr class=\"\"><td class=\"label\">Brust<\/td><td class=\"v\">130.-<\/td><\/tr><tr class=\"\"><td class=\"label\">Bauch<\/td><td class=\"v\">150.-<\/td><\/tr><tr class=\"\"><td class=\"label\">Schultern<\/td><td class=\"v\">75.-<\/td><\/tr><tr class=\"\"><td class=\"label\">Nacken<\/td><td class=\"v\">65.-<\/td><\/tr><tr class=\"\"><td class=\"label\">Bikini Brasil<\/td><td class=\"v\">130.-<\/td><\/tr><tr class=\"\"><td class=\"label\">Ges\u00e4ss<\/td><td class=\"v\">100.-<\/td><\/tr><\/table><\/div>[\/vc_column][\/vc_row][vc_row][vc_column width=&#187;1\/2&#8243;]<div class=\"ozy-price-list ozy-border-color\"><h3>Lymphtrainage<\/h3><table><tr><th>&nbsp;<\/th><th><\/th><\/tr><tr class=\"\"><td class=\"label\">Lymphtrainage<\/td><td class=\"v\">65.-<\/td><\/tr><tr class=\"\"><td class=\"label\">10-er Kur<\/td><td class=\"v\">595.-<\/td><\/tr><\/table><\/div>[\/vc_column][vc_column width=&#187;1\/2&#8243;]<div class=\"ozy-price-list ozy-border-color\"><h3>Make-up<\/h3><table><tr><th>&nbsp;<\/th><th><\/th><\/tr><tr class=\"\"><td class=\"label\">Tages Make-up<\/td><td class=\"v\">75.-<\/td><\/tr><tr class=\"\"><td class=\"label\">Abend Make-up<\/td><td class=\"v\">95.-<\/td><\/tr><tr class=\"\"><td class=\"label\">Braut Make-up inkl. Probe Make-up<\/td><td class=\"v\">195.-<\/td><\/tr><tr class=\"\"><td class=\"label\">Make-up work shop<\/td><td class=\"v\">120.-<\/td><\/tr><\/table><\/div>[\/vc_column][\/vc_row][vc_row][vc_column width=&#187;1\/2&#8243;]<div class=\"ozy-price-list ozy-border-color\"><h3>Fusspflege<\/h3><table><tr><th>&nbsp;<\/th><th><\/th><\/tr><tr class=\"\"><td class=\"label\">Kosmetische Fusspflege \/ Standart<\/td><td class=\"v\">85.-<\/td><\/tr><tr class=\"\"><td class=\"label\">Normaler Lack<\/td><td class=\"v\">15.-<\/td><\/tr><tr class=\"\"><td class=\"label\">Shellack<\/td><td class=\"v\">15.-<\/td><\/tr><tr class=\"\"><td class=\"label\">Klar Shellack<\/td><td class=\"v\">65.-<\/td><\/tr><\/table><\/div>[\/vc_column][vc_column width=&#187;1\/2&#8243;]<div class=\"ozy-price-list ozy-border-color\"><h3>Massage<\/h3><table><tr><th>&nbsp;<\/th><th><\/th><\/tr><tr class=\"\"><td class=\"label\">Fussreflexzonen Massage<\/td><td class=\"v\">30 Minuten 85.-<\/td><td class=\"v\">60 Minuten 90.-<\/td><\/tr><tr class=\"\"><td class=\"label\">Klassische Massage<\/td><td class=\"v\">30 Minuten 60.-<\/td><td class=\"v\">60 Minuten 120.-<\/td><\/tr><\/table><\/div>[\/vc_column][\/vc_row]<\/p>\n<\/div>","protected":false},"excerpt":{"rendered":"<p>[vc_row][vc_column][vc_column_text] [\/vc_column_text][\/vc_column][\/vc_row][vc_row][vc_column width=&#187;1\/2&#8243;][\/vc_column][vc_column width=&#187;1\/2&#8243;][\/vc_column][\/vc_row][vc_row content_placement=&#187;middle&#187;][vc_column][vc_column_text css_animation=&#187;fadeInDown&#187;] **Es werden 4 bis 6 Behandlungen empfohlen** Kryolipolyse mit Cryo Genius Erleben Sie mit Cryo Genius die Zukunft der Kryolipolyse &#8211; f\u00fcr eine effektive, [&hellip;]<\/p>\n","protected":false},"author":1,"featured_media":0,"parent":0,"menu_order":0,"comment_status":"closed","ping_status":"closed","template":"","meta":{"footnotes":""},"class_list":["post-1615","page","type-page","status-publish","hentry"],"yoast_head":"<!-- This site is optimized with the Yoast SEO plugin v27.4 - https:\/\/yoast.com\/product\/yoast-seo-wordpress\/ -->\n<title>Preisliste Kosmetik | Coiffure &amp; Kosmetik Katrin - Zuchwil | Coiffeursalon Katrin | Zuchwil<\/title>\n<meta name=\"description\" content=\"Coiffeur, Coiffure,Nail Design, Permanent Make-Up,Camouflage,Lymphdrainage, Gesichtsbehandlung, Haarentfernung, Wimpernverl\u00e4ngerung, Eyalash lifting\" \/>\n<meta name=\"robots\" content=\"index, follow, max-snippet:-1, max-image-preview:large, max-video-preview:-1\" \/>\n<link rel=\"canonical\" href=\"https:\/\/coiffurekatrin.ch\/ck\/preisliste-kosmetik\/\" \/>\n<meta property=\"og:locale\" content=\"de_DE\" \/>\n<meta property=\"og:type\" content=\"article\" \/>\n<meta property=\"og:title\" content=\"Wimpernverl\u00e4ngerung\" \/>\n<meta property=\"og:description\" content=\"Ultraschall Behandlungen\" \/>\n<meta property=\"og:url\" content=\"https:\/\/coiffurekatrin.ch\/ck\/preisliste-kosmetik\/\" \/>\n<meta property=\"og:site_name\" content=\"Coiffure &amp; Kosmetik Katrin - Zuchwil\" \/>\n<meta property=\"article:publisher\" content=\"https:\/\/www.facebook.com\/coiffurekatrin\/\" \/>\n<meta property=\"article:modified_time\" content=\"2025-07-07T16:20:11+00:00\" \/>\n<meta property=\"og:image\" content=\"https:\/\/coiffurekatrin.ch\/ck\/wp-content\/uploads\/2021\/01\/Logo_CK-Katrin.png\" \/>\n\t<meta property=\"og:image:width\" content=\"2250\" \/>\n\t<meta property=\"og:image:height\" content=\"240\" \/>\n\t<meta property=\"og:image:type\" content=\"image\/png\" \/>\n<meta name=\"twitter:label1\" content=\"Gesch\u00e4tzte Lesezeit\" \/>\n\t<meta name=\"twitter:data1\" content=\"4\u00a0Minuten\" \/>\n<script type=\"application\/ld+json\" class=\"yoast-schema-graph\">{\"@context\":\"https:\\\/\\\/schema.org\",\"@graph\":[{\"@type\":\"WebPage\",\"@id\":\"https:\\\/\\\/coiffurekatrin.ch\\\/ck\\\/preisliste-kosmetik\\\/\",\"url\":\"https:\\\/\\\/coiffurekatrin.ch\\\/ck\\\/preisliste-kosmetik\\\/\",\"name\":\"Preisliste Kosmetik | Coiffure &amp; Kosmetik Katrin - Zuchwil | Coiffeursalon Katrin | Zuchwil\",\"isPartOf\":{\"@id\":\"https:\\\/\\\/coiffurekatrin.ch\\\/ck\\\/#website\"},\"datePublished\":\"2021-01-31T10:02:15+00:00\",\"dateModified\":\"2025-07-07T16:20:11+00:00\",\"description\":\"Coiffeur, Coiffure,Nail Design, Permanent Make-Up,Camouflage,Lymphdrainage, Gesichtsbehandlung, Haarentfernung, Wimpernverl\u00e4ngerung, Eyalash lifting\",\"breadcrumb\":{\"@id\":\"https:\\\/\\\/coiffurekatrin.ch\\\/ck\\\/preisliste-kosmetik\\\/#breadcrumb\"},\"inLanguage\":\"de-CH\",\"potentialAction\":[{\"@type\":\"ReadAction\",\"target\":[\"https:\\\/\\\/coiffurekatrin.ch\\\/ck\\\/preisliste-kosmetik\\\/\"]}]},{\"@type\":\"BreadcrumbList\",\"@id\":\"https:\\\/\\\/coiffurekatrin.ch\\\/ck\\\/preisliste-kosmetik\\\/#breadcrumb\",\"itemListElement\":[{\"@type\":\"ListItem\",\"position\":1,\"name\":\"Home\",\"item\":\"https:\\\/\\\/coiffurekatrin.ch\\\/ck\\\/\"},{\"@type\":\"ListItem\",\"position\":2,\"name\":\"Preisliste Kosmetik\"}]},{\"@type\":\"WebSite\",\"@id\":\"https:\\\/\\\/coiffurekatrin.ch\\\/ck\\\/#website\",\"url\":\"https:\\\/\\\/coiffurekatrin.ch\\\/ck\\\/\",\"name\":\"Coiffure &amp; Kosmetik Katrin - Zuchwil\",\"description\":\"Ihr Coiffeursalon &amp; Kosmetikstudio in Zuchwil\",\"publisher\":{\"@id\":\"https:\\\/\\\/coiffurekatrin.ch\\\/ck\\\/#organization\"},\"potentialAction\":[{\"@type\":\"SearchAction\",\"target\":{\"@type\":\"EntryPoint\",\"urlTemplate\":\"https:\\\/\\\/coiffurekatrin.ch\\\/ck\\\/?s={search_term_string}\"},\"query-input\":{\"@type\":\"PropertyValueSpecification\",\"valueRequired\":true,\"valueName\":\"search_term_string\"}}],\"inLanguage\":\"de-CH\"},{\"@type\":\"Organization\",\"@id\":\"https:\\\/\\\/coiffurekatrin.ch\\\/ck\\\/#organization\",\"name\":\"Coiffure & Kosmetik Katrin\",\"url\":\"https:\\\/\\\/coiffurekatrin.ch\\\/ck\\\/\",\"logo\":{\"@type\":\"ImageObject\",\"inLanguage\":\"de-CH\",\"@id\":\"https:\\\/\\\/coiffurekatrin.ch\\\/ck\\\/#\\\/schema\\\/logo\\\/image\\\/\",\"url\":\"https:\\\/\\\/coiffurekatrin.ch\\\/ck\\\/wp-content\\\/uploads\\\/2021\\\/01\\\/Logo_CK-Katrin-1.png\",\"contentUrl\":\"https:\\\/\\\/coiffurekatrin.ch\\\/ck\\\/wp-content\\\/uploads\\\/2021\\\/01\\\/Logo_CK-Katrin-1.png\",\"width\":286,\"height\":31,\"caption\":\"Coiffure & Kosmetik Katrin\"},\"image\":{\"@id\":\"https:\\\/\\\/coiffurekatrin.ch\\\/ck\\\/#\\\/schema\\\/logo\\\/image\\\/\"},\"sameAs\":[\"https:\\\/\\\/www.facebook.com\\\/coiffurekatrin\\\/\"]}]}<\/script>\n<!-- \/ Yoast SEO plugin. -->","yoast_head_json":{"title":"Preisliste Kosmetik | Coiffure &amp; Kosmetik Katrin - Zuchwil | Coiffeursalon Katrin | Zuchwil","description":"Coiffeur, Coiffure,Nail Design, Permanent Make-Up,Camouflage,Lymphdrainage, Gesichtsbehandlung, Haarentfernung, Wimpernverl\u00e4ngerung, Eyalash lifting","robots":{"index":"index","follow":"follow","max-snippet":"max-snippet:-1","max-image-preview":"max-image-preview:large","max-video-preview":"max-video-preview:-1"},"canonical":"https:\/\/coiffurekatrin.ch\/ck\/preisliste-kosmetik\/","og_locale":"de_DE","og_type":"article","og_title":"Wimpernverl\u00e4ngerung","og_description":"Ultraschall Behandlungen","og_url":"https:\/\/coiffurekatrin.ch\/ck\/preisliste-kosmetik\/","og_site_name":"Coiffure &amp; Kosmetik Katrin - Zuchwil","article_publisher":"https:\/\/www.facebook.com\/coiffurekatrin\/","article_modified_time":"2025-07-07T16:20:11+00:00","og_image":[{"width":2250,"height":240,"url":"https:\/\/coiffurekatrin.ch\/ck\/wp-content\/uploads\/2021\/01\/Logo_CK-Katrin.png","type":"image\/png"}],"twitter_misc":{"Gesch\u00e4tzte Lesezeit":"4\u00a0Minuten"},"schema":{"@context":"https:\/\/schema.org","@graph":[{"@type":"WebPage","@id":"https:\/\/coiffurekatrin.ch\/ck\/preisliste-kosmetik\/","url":"https:\/\/coiffurekatrin.ch\/ck\/preisliste-kosmetik\/","name":"Preisliste Kosmetik | Coiffure &amp; Kosmetik Katrin - Zuchwil | Coiffeursalon Katrin | Zuchwil","isPartOf":{"@id":"https:\/\/coiffurekatrin.ch\/ck\/#website"},"datePublished":"2021-01-31T10:02:15+00:00","dateModified":"2025-07-07T16:20:11+00:00","description":"Coiffeur, Coiffure,Nail Design, Permanent Make-Up,Camouflage,Lymphdrainage, Gesichtsbehandlung, Haarentfernung, Wimpernverl\u00e4ngerung, Eyalash lifting","breadcrumb":{"@id":"https:\/\/coiffurekatrin.ch\/ck\/preisliste-kosmetik\/#breadcrumb"},"inLanguage":"de-CH","potentialAction":[{"@type":"ReadAction","target":["https:\/\/coiffurekatrin.ch\/ck\/preisliste-kosmetik\/"]}]},{"@type":"BreadcrumbList","@id":"https:\/\/coiffurekatrin.ch\/ck\/preisliste-kosmetik\/#breadcrumb","itemListElement":[{"@type":"ListItem","position":1,"name":"Home","item":"https:\/\/coiffurekatrin.ch\/ck\/"},{"@type":"ListItem","position":2,"name":"Preisliste Kosmetik"}]},{"@type":"WebSite","@id":"https:\/\/coiffurekatrin.ch\/ck\/#website","url":"https:\/\/coiffurekatrin.ch\/ck\/","name":"Coiffure &amp; Kosmetik Katrin - Zuchwil","description":"Ihr Coiffeursalon &amp; Kosmetikstudio in Zuchwil","publisher":{"@id":"https:\/\/coiffurekatrin.ch\/ck\/#organization"},"potentialAction":[{"@type":"SearchAction","target":{"@type":"EntryPoint","urlTemplate":"https:\/\/coiffurekatrin.ch\/ck\/?s={search_term_string}"},"query-input":{"@type":"PropertyValueSpecification","valueRequired":true,"valueName":"search_term_string"}}],"inLanguage":"de-CH"},{"@type":"Organization","@id":"https:\/\/coiffurekatrin.ch\/ck\/#organization","name":"Coiffure & Kosmetik Katrin","url":"https:\/\/coiffurekatrin.ch\/ck\/","logo":{"@type":"ImageObject","inLanguage":"de-CH","@id":"https:\/\/coiffurekatrin.ch\/ck\/#\/schema\/logo\/image\/","url":"https:\/\/coiffurekatrin.ch\/ck\/wp-content\/uploads\/2021\/01\/Logo_CK-Katrin-1.png","contentUrl":"https:\/\/coiffurekatrin.ch\/ck\/wp-content\/uploads\/2021\/01\/Logo_CK-Katrin-1.png","width":286,"height":31,"caption":"Coiffure & Kosmetik Katrin"},"image":{"@id":"https:\/\/coiffurekatrin.ch\/ck\/#\/schema\/logo\/image\/"},"sameAs":["https:\/\/www.facebook.com\/coiffurekatrin\/"]}]}},"_links":{"self":[{"href":"https:\/\/coiffurekatrin.ch\/ck\/wp-json\/wp\/v2\/pages\/1615","targetHints":{"allow":["GET"]}}],"collection":[{"href":"https:\/\/coiffurekatrin.ch\/ck\/wp-json\/wp\/v2\/pages"}],"about":[{"href":"https:\/\/coiffurekatrin.ch\/ck\/wp-json\/wp\/v2\/types\/page"}],"author":[{"embeddable":true,"href":"https:\/\/coiffurekatrin.ch\/ck\/wp-json\/wp\/v2\/users\/1"}],"replies":[{"embeddable":true,"href":"https:\/\/coiffurekatrin.ch\/ck\/wp-json\/wp\/v2\/comments?post=1615"}],"version-history":[{"count":117,"href":"https:\/\/coiffurekatrin.ch\/ck\/wp-json\/wp\/v2\/pages\/1615\/revisions"}],"predecessor-version":[{"id":1950,"href":"https:\/\/coiffurekatrin.ch\/ck\/wp-json\/wp\/v2\/pages\/1615\/revisions\/1950"}],"wp:attachment":[{"href":"https:\/\/coiffurekatrin.ch\/ck\/wp-json\/wp\/v2\/media?parent=1615"}],"curies":[{"name":"wp","href":"https:\/\/api.w.org\/{rel}","templated":true}]}}